{"id":260,"date":"2015-12-17T15:14:39","date_gmt":"2015-12-17T15:14:39","guid":{"rendered":"http:\/\/falacias.escepticos.es\/?page_id=260"},"modified":"2020-09-19T08:25:36","modified_gmt":"2020-09-19T06:25:36","slug":"los-autores","status":"publish","type":"page","link":"https:\/\/fallacies.escepticos.es\/index.php\/los-autores\/","title":{"rendered":"Authors"},"content":{"rendered":"<p>This project has multiple authors: all the people invited to cooperate in its construction participated to a greater or lesser degree. We want to thank <a href=\"https:\/\/www.escepticos.es\/\">ARP-Sociedad para el Avance del Pensamiento Cr\u00edtico (ARP-SAPC)<\/a>, whose board and members were directly involved in the project, as well as its associates and <a href=\"http:\/\/correo.dis.ulpgc.es\/pipermail\/escepticos\/\">readers of the skeptic\u2019s list<\/a> whose direct help was much appreciated. Also, we want to thank<a href=\"https:\/\/www.facebook.com\/Noticias-esc%C3%A9pticas-288953794531368\"> Juan Soler<\/a> -commander-in-chief of Barcelona\u2019s skepticism- who coordinated this project, <a href=\"https:\/\/www.facebook.com\/Oldno777\">Guillermo Hern\u00e1ndez<\/a> for the technical know-how supervision and<a href=\"http:\/\/www.artesania-digital.com\/\"> David Revilla<\/a> for the creation of the cartoons.<\/p>\n<p>Also, we want to express our sincere thanks to everybody involved in the documentary part which defined this project. We especially want to thank to <a href=\"http:\/\/www.rvilloria3d.com\/\">Rub\u00e9n Villoria<\/a>, Ren\u00e9 M\u00e9rou, Manuel Cima Garc\u00eda, <a href=\"http:\/\/www.vipsenglish.com\/\">Victoria Barreno<\/a>, In\u00e9s, Evita Men\u00e9ndez, Arrikitown De la Fua, Mina Garc\u00eda, David Gil De G\u00f3mez y Paco Gaspar for their work on the english translation.<\/p>\n<p><span style=\"font-weight: 400;\">You are still invited to collaborate. New ways to describe a fallacy would be welcome, both in text and graphics. If you want to suggest, comment or criticise something, use the comment box below.<\/span><\/p>\n\n\n<p><\/p>\n","protected":false},"excerpt":{"rendered":"<p>This project has multiple authors: all the people invited to cooperate in its construction participated to a greater or lesser degree. We want to thank ARP-Sociedad para el Avance del Pensamiento Cr\u00edtico (ARP-SAPC), whose board and members were directly involved in the project, as well as its associates and readers of the skeptic\u2019s list whose [&hellip;]<\/p>\n","protected":false},"author":2,"featured_media":0,"parent":0,"menu_order":0,"comment_status":"open","ping_status":"closed","template":"","meta":{"footnotes":""},"_links":{"self":[{"href":"https:\/\/fallacies.escepticos.es\/index.php\/wp-json\/wp\/v2\/pages\/260"}],"collection":[{"href":"https:\/\/fallacies.escepticos.es\/index.php\/wp-json\/wp\/v2\/pages"}],"about":[{"href":"https:\/\/fallacies.escepticos.es\/index.php\/wp-json\/wp\/v2\/types\/page"}],"author":[{"embeddable":true,"href":"https:\/\/fallacies.escepticos.es\/index.php\/wp-json\/wp\/v2\/users\/2"}],"replies":[{"embeddable":true,"href":"https:\/\/fallacies.escepticos.es\/index.php\/wp-json\/wp\/v2\/comments?post=260"}],"version-history":[{"count":17,"href":"https:\/\/fallacies.escepticos.es\/index.php\/wp-json\/wp\/v2\/pages\/260\/revisions"}],"predecessor-version":[{"id":1019,"href":"https:\/\/fallacies.escepticos.es\/index.php\/wp-json\/wp\/v2\/pages\/260\/revisions\/1019"}],"wp:attachment":[{"href":"https:\/\/fallacies.escepticos.es\/index.php\/wp-json\/wp\/v2\/media?parent=260"}],"curies":[{"name":"wp","href":"https:\/\/api.w.org\/{rel}","templated":true}]}}